{"id":2577,"date":"2022-08-16T15:35:57","date_gmt":"2022-08-16T14:35:57","guid":{"rendered":"https:\/\/seaservices.dk\/?page_id=2577"},"modified":"2022-10-16T11:57:45","modified_gmt":"2022-10-16T10:57:45","slug":"ledige-stillinger","status":"publish","type":"page","link":"https:\/\/seaservices.dk\/en\/ledige-stillinger\/","title":{"rendered":"Open Positions"},"content":{"rendered":"<div data-elementor-type=\"wp-page\" data-elementor-id=\"2577\" class=\"elementor elementor-2577\" data-elementor-post-type=\"page\">\n\t\t\t\t\t\t<section class=\"elementor-section elementor-top-section elementor-element elementor-element-1686714 elementor-section-boxed elementor-section-height-default elementor-section-height-default\" data-id=\"1686714\" data-element_type=\"section\" data-e-type=\"section\">\n\t\t\t\t\t\t<div class=\"elementor-container elementor-column-gap-default\">\n\t\t\t\t\t<div class=\"elementor-column elementor-col-100 elementor-top-column elementor-element elementor-element-4fed681c\" data-id=\"4fed681c\" data-element_type=\"column\" data-e-type=\"column\">\n\t\t\t<div class=\"elementor-widget-wrap elementor-element-populated\">\n\t\t\t\t\t\t<div class=\"elementor-element elementor-element-f5fedbc elementor-widget elementor-widget-html\" data-id=\"f5fedbc\" data-element_type=\"widget\" data-e-type=\"widget\" data-widget_type=\"html.default\">\n\t\t\t\t<div class=\"elementor-widget-container\">\n\t\t\t\t\t<div data-2p-widget-vacancies data-language=\"dk\" data-domain=\"seaservices.2people.com\"><\/div>\r\n\t\t\t\t<\/div>\n\t\t\t\t<\/div>\n\t\t\t\t<div class=\"elementor-element elementor-element-7ce89207 elementor-widget elementor-widget-text-editor\" data-id=\"7ce89207\" data-element_type=\"widget\" data-e-type=\"widget\" data-widget_type=\"text-editor.default\">\n\t\t\t\t<div class=\"elementor-widget-container\">\n\t\t\t\t\t\t\t\t\t<p><\/p>\n<p>We are continuously seeking new and skilled colleagues. Any available positions will be posted here, and freelance divers are welcome to create a profile in our candidate database.&nbsp;<\/p>\n<p>As a registered candidate in our database, you can keep your information and qualifications up to date so that we have your contact details and skills on record when we need divers in your area.<\/p>\n<p>To view available positions and\/or register in our candidate database, please visit our job portal.&nbsp;<a href=\"https:\/\/seaservices.2prec.com\/\"><b><u>here<\/u><\/b><\/a>.<\/p>\n<p><\/p>\t\t\t\t\t\t\t\t<\/div>\n\t\t\t\t<\/div>\n\t\t\t\t\t<\/div>\n\t\t<\/div>\n\t\t\t\t\t<\/div>\n\t\t<\/section>\n\t\t\t\t<\/div>","protected":false},"excerpt":{"rendered":"<p>Vi s\u00f8ger l\u00f8bende nye og dygtige kolleger. Eventuelle ledige stillinger vil blive opsl\u00e5et her, ligesom man som freelance dykker er velkommen til at oprette en profil i vores kandidatdatabase.&nbsp; Som registreret i kandidatdatabasen kan du holde dine oplysninger og kompetencer ajour, s\u00e5 vi har dine kontaktoplysninger og kvalifikationer &#8211; n\u00e5r vi skal bruge dykkere i [&hellip;]<\/p>\n","protected":false},"author":1,"featured_media":0,"parent":0,"menu_order":1,"comment_status":"closed","ping_status":"closed","template":"","meta":{"_exactmetrics_skip_tracking":false,"_exactmetrics_sitenote_active":false,"_exactmetrics_sitenote_note":"","_exactmetrics_sitenote_category":0,"site-sidebar-layout":"default","site-content-layout":"default","ast-site-content-layout":"default","site-content-style":"default","site-sidebar-style":"default","ast-global-header-display":"","ast-banner-title-visibility":"","ast-main-header-display":"","ast-hfb-above-header-display":"","ast-hfb-below-header-display":"","ast-hfb-mobile-header-display":"","site-post-title":"","ast-breadcrumbs-content":"","ast-featured-img":"","footer-sml-layout":"","theme-transparent-header-meta":"default","adv-header-id-meta":"","stick-header-meta":"","header-above-stick-meta":"","header-main-stick-meta":"","header-below-stick-meta":"","astra-migrate-meta-layouts":"default","ast-page-background-enabled":"default","ast-page-background-meta":{"desktop":{"background-color":"","background-image":"","background-repeat":"repeat","background-position":"center center","background-size":"auto","background-attachment":"scroll","background-type":"","background-media":"","overlay-type":"","overlay-color":"","overlay-opacity":"","overlay-gradient":""},"tablet":{"background-color":"","background-image":"","background-repeat":"repeat","background-position":"center center","background-size":"auto","background-attachment":"scroll","background-type":"","background-media":"","overlay-type":"","overlay-color":"","overlay-opacity":"","overlay-gradient":""},"mobile":{"background-color":"","background-image":"","background-repeat":"repeat","background-position":"center center","background-size":"auto","background-attachment":"scroll","background-type":"","background-media":"","overlay-type":"","overlay-color":"","overlay-opacity":"","overlay-gradient":""}},"ast-content-background-meta":{"desktop":{"background-color":"var(--ast-global-color-5)","background-image":"","background-repeat":"repeat","background-position":"center center","background-size":"auto","background-attachment":"scroll","background-type":"","background-media":"","overlay-type":"","overlay-color":"","overlay-opacity":"","overlay-gradient":""},"tablet":{"background-color":"var(--ast-global-color-5)","background-image":"","background-repeat":"repeat","background-position":"center center","background-size":"auto","background-attachment":"scroll","background-type":"","background-media":"","overlay-type":"","overlay-color":"","overlay-opacity":"","overlay-gradient":""},"mobile":{"background-color":"var(--ast-global-color-5)","background-image":"","background-repeat":"repeat","background-position":"center center","background-size":"auto","background-attachment":"scroll","background-type":"","background-media":"","overlay-type":"","overlay-color":"","overlay-opacity":"","overlay-gradient":""}},"footnotes":""},"class_list":["post-2577","page","type-page","status-publish","hentry"],"yoast_head":"<!-- This site is optimized with the Yoast SEO plugin v27.3 - https:\/\/yoast.com\/product\/yoast-seo-wordpress\/ -->\n<title>Ledige stillinger - Undervands Arbejde - SeaServices<\/title>\n<meta name=\"robots\" content=\"index, follow, max-snippet:-1, max-image-preview:large, max-video-preview:-1\" \/>\n<link rel=\"canonical\" href=\"https:\/\/seaservices.dk\/en\/ledige-stillinger\/\" \/>\n<meta property=\"og:locale\" content=\"en_US\" \/>\n<meta property=\"og:type\" content=\"article\" \/>\n<meta property=\"og:title\" content=\"Ledige stillinger - Undervands Arbejde - SeaServices\" \/>\n<meta property=\"og:description\" content=\"Vi s\u00f8ger l\u00f8bende nye og dygtige kolleger. Eventuelle ledige stillinger vil blive opsl\u00e5et her, ligesom man som freelance dykker er velkommen til at oprette en profil i vores kandidatdatabase.&nbsp; Som registreret i kandidatdatabasen kan du holde dine oplysninger og kompetencer ajour, s\u00e5 vi har dine kontaktoplysninger og kvalifikationer &#8211; n\u00e5r vi skal bruge dykkere i [&hellip;]\" \/>\n<meta property=\"og:url\" content=\"https:\/\/seaservices.dk\/en\/ledige-stillinger\/\" \/>\n<meta property=\"og:site_name\" content=\"Undervands Arbejde - SeaServices\" \/>\n<meta property=\"article:publisher\" content=\"https:\/\/www.facebook.com\/seaservicesdk\" \/>\n<meta property=\"article:modified_time\" content=\"2022-10-16T10:57:45+00:00\" \/>\n<meta name=\"twitter:card\" content=\"summary_large_image\" \/>\n<script type=\"application\/ld+json\" class=\"yoast-schema-graph\">{\"@context\":\"https:\\\/\\\/schema.org\",\"@graph\":[{\"@type\":\"WebPage\",\"@id\":\"https:\\\/\\\/seaservices.dk\\\/ledige-stillinger\\\/\",\"url\":\"https:\\\/\\\/seaservices.dk\\\/ledige-stillinger\\\/\",\"name\":\"Ledige stillinger - Undervands Arbejde - SeaServices\",\"isPartOf\":{\"@id\":\"https:\\\/\\\/seaservices.dk\\\/da_dk\\\/#website\"},\"datePublished\":\"2022-08-16T14:35:57+00:00\",\"dateModified\":\"2022-10-16T10:57:45+00:00\",\"breadcrumb\":{\"@id\":\"https:\\\/\\\/seaservices.dk\\\/ledige-stillinger\\\/#breadcrumb\"},\"inLanguage\":\"en-US\",\"potentialAction\":[{\"@type\":\"ReadAction\",\"target\":[\"https:\\\/\\\/seaservices.dk\\\/ledige-stillinger\\\/\"]}]},{\"@type\":\"BreadcrumbList\",\"@id\":\"https:\\\/\\\/seaservices.dk\\\/ledige-stillinger\\\/#breadcrumb\",\"itemListElement\":[{\"@type\":\"ListItem\",\"position\":1,\"name\":\"Hjem\",\"item\":\"https:\\\/\\\/seaservices.dk\\\/\"},{\"@type\":\"ListItem\",\"position\":2,\"name\":\"Ledige stillinger\"}]},{\"@type\":\"WebSite\",\"@id\":\"https:\\\/\\\/seaservices.dk\\\/da_dk\\\/#website\",\"url\":\"https:\\\/\\\/seaservices.dk\\\/da_dk\\\/\",\"name\":\"Professionelle dykkere\",\"description\":\"Dykkerfirma med mange \u00e5rs erfaring\",\"publisher\":{\"@id\":\"https:\\\/\\\/seaservices.dk\\\/da_dk\\\/#organization\"},\"potentialAction\":[{\"@type\":\"SearchAction\",\"target\":{\"@type\":\"EntryPoint\",\"urlTemplate\":\"https:\\\/\\\/seaservices.dk\\\/da_dk\\\/?s={search_term_string}\"},\"query-input\":{\"@type\":\"PropertyValueSpecification\",\"valueRequired\":true,\"valueName\":\"search_term_string\"}}],\"inLanguage\":\"en-US\"},{\"@type\":\"Organization\",\"@id\":\"https:\\\/\\\/seaservices.dk\\\/da_dk\\\/#organization\",\"name\":\"Sea Services\",\"url\":\"https:\\\/\\\/seaservices.dk\\\/da_dk\\\/\",\"logo\":{\"@type\":\"ImageObject\",\"inLanguage\":\"en-US\",\"@id\":\"https:\\\/\\\/seaservices.dk\\\/da_dk\\\/#\\\/schema\\\/logo\\\/image\\\/\",\"url\":\"https:\\\/\\\/i0.wp.com\\\/seaservices.dk\\\/wp-content\\\/uploads\\\/2017\\\/08\\\/sea_services_diving2.png?fit=700%2C243&ssl=1\",\"contentUrl\":\"https:\\\/\\\/i0.wp.com\\\/seaservices.dk\\\/wp-content\\\/uploads\\\/2017\\\/08\\\/sea_services_diving2.png?fit=700%2C243&ssl=1\",\"width\":\"700\",\"height\":\"243\",\"caption\":\"Sea Services\"},\"image\":{\"@id\":\"https:\\\/\\\/seaservices.dk\\\/da_dk\\\/#\\\/schema\\\/logo\\\/image\\\/\"},\"sameAs\":[\"https:\\\/\\\/www.facebook.com\\\/seaservicesdk\"]}]}<\/script>\n<!-- \/ Yoast SEO plugin. -->","yoast_head_json":{"title":"Ledige stillinger - Undervands Arbejde - SeaServices","robots":{"index":"index","follow":"follow","max-snippet":"max-snippet:-1","max-image-preview":"max-image-preview:large","max-video-preview":"max-video-preview:-1"},"canonical":"https:\/\/seaservices.dk\/en\/ledige-stillinger\/","og_locale":"en_US","og_type":"article","og_title":"Ledige stillinger - Undervands Arbejde - SeaServices","og_description":"Vi s\u00f8ger l\u00f8bende nye og dygtige kolleger. Eventuelle ledige stillinger vil blive opsl\u00e5et her, ligesom man som freelance dykker er velkommen til at oprette en profil i vores kandidatdatabase.&nbsp; Som registreret i kandidatdatabasen kan du holde dine oplysninger og kompetencer ajour, s\u00e5 vi har dine kontaktoplysninger og kvalifikationer &#8211; n\u00e5r vi skal bruge dykkere i [&hellip;]","og_url":"https:\/\/seaservices.dk\/en\/ledige-stillinger\/","og_site_name":"Undervands Arbejde - SeaServices","article_publisher":"https:\/\/www.facebook.com\/seaservicesdk","article_modified_time":"2022-10-16T10:57:45+00:00","twitter_card":"summary_large_image","schema":{"@context":"https:\/\/schema.org","@graph":[{"@type":"WebPage","@id":"https:\/\/seaservices.dk\/ledige-stillinger\/","url":"https:\/\/seaservices.dk\/ledige-stillinger\/","name":"Ledige stillinger - Undervands Arbejde - SeaServices","isPartOf":{"@id":"https:\/\/seaservices.dk\/da_dk\/#website"},"datePublished":"2022-08-16T14:35:57+00:00","dateModified":"2022-10-16T10:57:45+00:00","breadcrumb":{"@id":"https:\/\/seaservices.dk\/ledige-stillinger\/#breadcrumb"},"inLanguage":"en-US","potentialAction":[{"@type":"ReadAction","target":["https:\/\/seaservices.dk\/ledige-stillinger\/"]}]},{"@type":"BreadcrumbList","@id":"https:\/\/seaservices.dk\/ledige-stillinger\/#breadcrumb","itemListElement":[{"@type":"ListItem","position":1,"name":"Hjem","item":"https:\/\/seaservices.dk\/"},{"@type":"ListItem","position":2,"name":"Ledige stillinger"}]},{"@type":"WebSite","@id":"https:\/\/seaservices.dk\/da_dk\/#website","url":"https:\/\/seaservices.dk\/da_dk\/","name":"Professionelle dykkere","description":"Dykkerfirma med mange \u00e5rs erfaring","publisher":{"@id":"https:\/\/seaservices.dk\/da_dk\/#organization"},"potentialAction":[{"@type":"SearchAction","target":{"@type":"EntryPoint","urlTemplate":"https:\/\/seaservices.dk\/da_dk\/?s={search_term_string}"},"query-input":{"@type":"PropertyValueSpecification","valueRequired":true,"valueName":"search_term_string"}}],"inLanguage":"en-US"},{"@type":"Organization","@id":"https:\/\/seaservices.dk\/da_dk\/#organization","name":"Sea Services","url":"https:\/\/seaservices.dk\/da_dk\/","logo":{"@type":"ImageObject","inLanguage":"en-US","@id":"https:\/\/seaservices.dk\/da_dk\/#\/schema\/logo\/image\/","url":"https:\/\/i0.wp.com\/seaservices.dk\/wp-content\/uploads\/2017\/08\/sea_services_diving2.png?fit=700%2C243&ssl=1","contentUrl":"https:\/\/i0.wp.com\/seaservices.dk\/wp-content\/uploads\/2017\/08\/sea_services_diving2.png?fit=700%2C243&ssl=1","width":"700","height":"243","caption":"Sea Services"},"image":{"@id":"https:\/\/seaservices.dk\/da_dk\/#\/schema\/logo\/image\/"},"sameAs":["https:\/\/www.facebook.com\/seaservicesdk"]}]}},"jetpack_sharing_enabled":true,"_links":{"self":[{"href":"https:\/\/seaservices.dk\/en\/wp-json\/wp\/v2\/pages\/2577","targetHints":{"allow":["GET"]}}],"collection":[{"href":"https:\/\/seaservices.dk\/en\/wp-json\/wp\/v2\/pages"}],"about":[{"href":"https:\/\/seaservices.dk\/en\/wp-json\/wp\/v2\/types\/page"}],"author":[{"embeddable":true,"href":"https:\/\/seaservices.dk\/en\/wp-json\/wp\/v2\/users\/1"}],"replies":[{"embeddable":true,"href":"https:\/\/seaservices.dk\/en\/wp-json\/wp\/v2\/comments?post=2577"}],"version-history":[{"count":56,"href":"https:\/\/seaservices.dk\/en\/wp-json\/wp\/v2\/pages\/2577\/revisions"}],"predecessor-version":[{"id":2653,"href":"https:\/\/seaservices.dk\/en\/wp-json\/wp\/v2\/pages\/2577\/revisions\/2653"}],"wp:attachment":[{"href":"https:\/\/seaservices.dk\/en\/wp-json\/wp\/v2\/media?parent=2577"}],"curies":[{"name":"wp","href":"https:\/\/api.w.org\/{rel}","templated":true}]}}