{"id":350,"date":"2018-01-18T18:58:44","date_gmt":"2018-01-18T17:58:44","guid":{"rendered":"https:\/\/seaservices.dk\/?page_id=350"},"modified":"2020-11-26T13:34:31","modified_gmt":"2020-11-26T12:34:31","slug":"dykkerinspektion","status":"publish","type":"page","link":"https:\/\/seaservices.dk\/en\/erhvervsdykning\/dykkerinspektion\/","title":{"rendered":"Diving Inspection"},"content":{"rendered":"<p>Inspections of various underwater structures are conducted to assess their condition. This typically involves inspecting quay walls, sheet pile walls, pile constructions, slipways, or launching ramps for signs of leakage, corrosion, marine borer attacks, and other defects. Often, our engineer diver performs the inspection and reporting, potentially with support from our ROV (referred to as \"Sm\u00f8lfen\" or \"The Smurf\").<\/p>\n<p>Inspections of sheet pile walls typically include thickness measurements as well.<\/p>\n<p>Sea Services also conducts many inspections of sprinkler tanks. These tanks need to be periodically inspected for various defects and\/or foreign objects that can clog the sprinkler system. Since the tanks cannot be drained of water,\u00a0<\/p>\n<p>Among the various structures that are inspected are:<\/p>\n<ul>\n<li>Quay walls (decay and\/or marine borer infestation)<\/li>\n<li>Sheet pile walls (corrosion\/cracking, often supplemented with thickness measurements)<\/li>\n<li>Ship rudders and propellers (marine fouling, damages, entangled ropes)<\/li>\n<li>Anodes on ships and sheet piles (condition and\/or presence)<\/li>\n<li>Wooden piles (marine borer and crustacean infestation)<\/li>\n<li>Concrete piles (cracks and exposed reinforcement)<\/li>\n<li>Water channels (blockages)<\/li>\n<li>Tiles in swimming pools (cracked tiles and defective grouting)<\/li>\n<li>Floating bridges (corrosion of chains and damages in concrete)<\/li>\n<li>Cooling channels (marine fouling\/blockages)<\/li>\n<li>Ships (marine fouling or damages from grounding)<\/li>\n<li>Sprinkler tanks (foreign objects and other defects)<\/li>\n<\/ul>\n<p>Diver inspections are typically documented in the form of a report with photographs and descriptions, or a compiled video. During the actual inspection, there is an option to monitor the progress on a screen in the dive trailer or vehicle.<\/p>\n<p>Often, these reports serve as documentation for various stakeholders such as contractors, consultants, authorities (e.g., City and Port Authorities, DBI), insurance companies, owners or homeowner associations. They form the basis for subsequent underwater works in most cases.<\/p>\n<figure id=\"attachment_846\" aria-describedby=\"caption-attachment-846\" style=\"width: 2704px\" class=\"wp-caption alignnone\"><img data-recalc-dims=\"1\" fetchpriority=\"high\" decoding=\"async\" class=\"alignnone size-full wp-image-846\" src=\"https:\/\/i0.wp.com\/seaservices.dk\/wp-content\/uploads\/2020\/01\/gptempdownload.jpg?resize=2704%2C1520&#038;ssl=1\" alt=\"gptempdownload\" width=\"2704\" height=\"1520\" srcset=\"https:\/\/i0.wp.com\/seaservices.dk\/wp-content\/uploads\/2020\/01\/gptempdownload.jpg?w=2704&amp;ssl=1 2704w, https:\/\/i0.wp.com\/seaservices.dk\/wp-content\/uploads\/2020\/01\/gptempdownload.jpg?resize=300%2C169&amp;ssl=1 300w, https:\/\/i0.wp.com\/seaservices.dk\/wp-content\/uploads\/2020\/01\/gptempdownload.jpg?resize=1024%2C576&amp;ssl=1 1024w, https:\/\/i0.wp.com\/seaservices.dk\/wp-content\/uploads\/2020\/01\/gptempdownload.jpg?resize=768%2C432&amp;ssl=1 768w, https:\/\/i0.wp.com\/seaservices.dk\/wp-content\/uploads\/2020\/01\/gptempdownload.jpg?resize=1536%2C863&amp;ssl=1 1536w, https:\/\/i0.wp.com\/seaservices.dk\/wp-content\/uploads\/2020\/01\/gptempdownload.jpg?resize=2048%2C1151&amp;ssl=1 2048w\" sizes=\"(max-width: 1000px) 100vw, 1000px\" \/><figcaption id=\"caption-attachment-846\" class=\"wp-caption-text\">Betonskaller i sugegrav i underjordisk\u00a0sprinklertank<\/figcaption><\/figure>\n<figure id=\"attachment_170\" aria-describedby=\"caption-attachment-170\" style=\"width: 4288px\" class=\"wp-caption alignnone\"><img data-recalc-dims=\"1\" decoding=\"async\" class=\"alignnone size-full wp-image-170\" src=\"https:\/\/i0.wp.com\/seaservices.dk\/wp-content\/uploads\/2017\/08\/pict0011-380462733-1516295784456.jpg?resize=4288%2C2810&#038;ssl=1\" alt=\"anode.jpg\" width=\"4288\" height=\"2810\" srcset=\"https:\/\/i0.wp.com\/seaservices.dk\/wp-content\/uploads\/2017\/08\/pict0011-380462733-1516295784456.jpg?w=4288&amp;ssl=1 4288w, https:\/\/i0.wp.com\/seaservices.dk\/wp-content\/uploads\/2017\/08\/pict0011-380462733-1516295784456.jpg?resize=300%2C197&amp;ssl=1 300w, https:\/\/i0.wp.com\/seaservices.dk\/wp-content\/uploads\/2017\/08\/pict0011-380462733-1516295784456.jpg?resize=1024%2C671&amp;ssl=1 1024w, https:\/\/i0.wp.com\/seaservices.dk\/wp-content\/uploads\/2017\/08\/pict0011-380462733-1516295784456.jpg?w=2000&amp;ssl=1 2000w, https:\/\/i0.wp.com\/seaservices.dk\/wp-content\/uploads\/2017\/08\/pict0011-380462733-1516295784456.jpg?w=3000&amp;ssl=1 3000w\" sizes=\"(max-width: 1000px) 100vw, 1000px\" \/><figcaption id=\"caption-attachment-170\" class=\"wp-caption-text\">The anode is completely corroded.<\/figcaption><\/figure>\n\n\n<p><\/p>","protected":false},"excerpt":{"rendered":"<p>Dykkerinspektion (tilstandsvurderinger) af\u00a0 diverse undervandskonstruktioner udf\u00f8res. Typisk er der tale om inspektioner af bolv\u00e6rk, spunsv\u00e6gge, p\u00e6lekonstruktioner, beddinge eller sl\u00e6besteder, hvor vi kigger efter udsivning af bagfyld, gennemt\u00e6ringer, p\u00e6leormsangreb og andre defekter. Oftest er det vores ingeni\u00f8rdykker der foretager inspektion og afrapportering, eventuelt supporteret af vores ROV (kaldet Sm\u00f8lfen). Inspektion af spunsv\u00e6gge omfatter normalt ogs\u00e5 tykkelsesm\u00e5linger [&hellip;]<\/p>\n","protected":false},"author":1,"featured_media":0,"parent":2,"menu_order":1,"comment_status":"closed","ping_status":"closed","template":"","meta":{"_exactmetrics_skip_tracking":false,"_exactmetrics_sitenote_active":false,"_exactmetrics_sitenote_note":"","_exactmetrics_sitenote_category":0,"site-sidebar-layout":"default","site-content-layout":"","ast-site-content-layout":"default","site-content-style":"default","site-sidebar-style":"default","ast-global-header-display":"","ast-banner-title-visibility":"","ast-main-header-display":"","ast-hfb-above-header-display":"","ast-hfb-below-header-display":"","ast-hfb-mobile-header-display":"","site-post-title":"","ast-breadcrumbs-content":"","ast-featured-img":"","footer-sml-layout":"","theme-transparent-header-meta":"","adv-header-id-meta":"","stick-header-meta":"","header-above-stick-meta":"","header-main-stick-meta":"","header-below-stick-meta":"","astra-migrate-meta-layouts":"default","ast-page-background-enabled":"default","ast-page-background-meta":{"desktop":{"background-color":"","background-image":"","background-repeat":"repeat","background-position":"center center","background-size":"auto","background-attachment":"scroll","background-type":"","background-media":"","overlay-type":"","overlay-color":"","overlay-opacity":"","overlay-gradient":""},"tablet":{"background-color":"","background-image":"","background-repeat":"repeat","background-position":"center center","background-size":"auto","background-attachment":"scroll","background-type":"","background-media":"","overlay-type":"","overlay-color":"","overlay-opacity":"","overlay-gradient":""},"mobile":{"background-color":"","background-image":"","background-repeat":"repeat","background-position":"center center","background-size":"auto","background-attachment":"scroll","background-type":"","background-media":"","overlay-type":"","overlay-color":"","overlay-opacity":"","overlay-gradient":""}},"ast-content-background-meta":{"desktop":{"background-color":"var(--ast-global-color-5)","background-image":"","background-repeat":"repeat","background-position":"center center","background-size":"auto","background-attachment":"scroll","background-type":"","background-media":"","overlay-type":"","overlay-color":"","overlay-opacity":"","overlay-gradient":""},"tablet":{"background-color":"var(--ast-global-color-5)","background-image":"","background-repeat":"repeat","background-position":"center center","background-size":"auto","background-attachment":"scroll","background-type":"","background-media":"","overlay-type":"","overlay-color":"","overlay-opacity":"","overlay-gradient":""},"mobile":{"background-color":"var(--ast-global-color-5)","background-image":"","background-repeat":"repeat","background-position":"center center","background-size":"auto","background-attachment":"scroll","background-type":"","background-media":"","overlay-type":"","overlay-color":"","overlay-opacity":"","overlay-gradient":""}},"footnotes":""},"class_list":["post-350","page","type-page","status-publish","hentry"],"yoast_head":"<!-- This site is optimized with the Yoast SEO plugin v27.3 - https:\/\/yoast.com\/product\/yoast-seo-wordpress\/ -->\n<title>Dykkerinspektion - Undervands Arbejde - SeaServices<\/title>\n<meta name=\"description\" content=\"Dykkerinspektion af\u00a0 diverse undervandskonstruktioner udf\u00f8res. Inspektion af bolv\u00e6rk, spunsv\u00e6gge, p\u00e6lekonstruktioner og tanke. Videodokumentation.\" \/>\n<meta name=\"robots\" content=\"index, follow, max-snippet:-1, max-image-preview:large, max-video-preview:-1\" \/>\n<link rel=\"canonical\" href=\"https:\/\/seaservices.dk\/en\/erhvervsdykning\/dykkerinspektion\/\" \/>\n<meta property=\"og:locale\" content=\"en_US\" \/>\n<meta property=\"og:type\" content=\"article\" \/>\n<meta property=\"og:title\" content=\"Dykkerinspektion - Undervands Arbejde - SeaServices\" \/>\n<meta property=\"og:description\" content=\"Dykkerinspektion af\u00a0 diverse undervandskonstruktioner udf\u00f8res. Inspektion af bolv\u00e6rk, spunsv\u00e6gge, p\u00e6lekonstruktioner og tanke. Videodokumentation.\" \/>\n<meta property=\"og:url\" content=\"https:\/\/seaservices.dk\/en\/erhvervsdykning\/dykkerinspektion\/\" \/>\n<meta property=\"og:site_name\" content=\"Undervands Arbejde - SeaServices\" \/>\n<meta property=\"article:publisher\" content=\"https:\/\/www.facebook.com\/seaservicesdk\" \/>\n<meta property=\"article:modified_time\" content=\"2020-11-26T12:34:31+00:00\" \/>\n<meta property=\"og:image\" content=\"https:\/\/seaservices.dk\/wp-content\/uploads\/2020\/01\/gptempdownload.jpg\" \/>\n<meta name=\"twitter:card\" content=\"summary_large_image\" \/>\n<meta name=\"twitter:label1\" content=\"Est. reading time\" \/>\n\t<meta name=\"twitter:data1\" content=\"1 minute\" \/>\n<script type=\"application\/ld+json\" class=\"yoast-schema-graph\">{\"@context\":\"https:\\\/\\\/schema.org\",\"@graph\":[{\"@type\":\"WebPage\",\"@id\":\"https:\\\/\\\/seaservices.dk\\\/da_dk\\\/erhvervsdykning\\\/dykkerinspektion\\\/\",\"url\":\"https:\\\/\\\/seaservices.dk\\\/da_dk\\\/erhvervsdykning\\\/dykkerinspektion\\\/\",\"name\":\"Dykkerinspektion - Undervands Arbejde - SeaServices\",\"isPartOf\":{\"@id\":\"https:\\\/\\\/seaservices.dk\\\/da_dk\\\/#website\"},\"primaryImageOfPage\":{\"@id\":\"https:\\\/\\\/seaservices.dk\\\/da_dk\\\/erhvervsdykning\\\/dykkerinspektion\\\/#primaryimage\"},\"image\":{\"@id\":\"https:\\\/\\\/seaservices.dk\\\/da_dk\\\/erhvervsdykning\\\/dykkerinspektion\\\/#primaryimage\"},\"thumbnailUrl\":\"https:\\\/\\\/seaservices.dk\\\/wp-content\\\/uploads\\\/2020\\\/01\\\/gptempdownload.jpg\",\"datePublished\":\"2018-01-18T17:58:44+00:00\",\"dateModified\":\"2020-11-26T12:34:31+00:00\",\"description\":\"Dykkerinspektion af\u00a0 diverse undervandskonstruktioner udf\u00f8res. Inspektion af bolv\u00e6rk, spunsv\u00e6gge, p\u00e6lekonstruktioner og tanke. Videodokumentation.\",\"breadcrumb\":{\"@id\":\"https:\\\/\\\/seaservices.dk\\\/da_dk\\\/erhvervsdykning\\\/dykkerinspektion\\\/#breadcrumb\"},\"inLanguage\":\"en-US\",\"potentialAction\":[{\"@type\":\"ReadAction\",\"target\":[\"https:\\\/\\\/seaservices.dk\\\/da_dk\\\/erhvervsdykning\\\/dykkerinspektion\\\/\"]}]},{\"@type\":\"ImageObject\",\"inLanguage\":\"en-US\",\"@id\":\"https:\\\/\\\/seaservices.dk\\\/da_dk\\\/erhvervsdykning\\\/dykkerinspektion\\\/#primaryimage\",\"url\":\"https:\\\/\\\/seaservices.dk\\\/wp-content\\\/uploads\\\/2020\\\/01\\\/gptempdownload.jpg\",\"contentUrl\":\"https:\\\/\\\/seaservices.dk\\\/wp-content\\\/uploads\\\/2020\\\/01\\\/gptempdownload.jpg\"},{\"@type\":\"BreadcrumbList\",\"@id\":\"https:\\\/\\\/seaservices.dk\\\/da_dk\\\/erhvervsdykning\\\/dykkerinspektion\\\/#breadcrumb\",\"itemListElement\":[{\"@type\":\"ListItem\",\"position\":1,\"name\":\"Hjem\",\"item\":\"https:\\\/\\\/seaservices.dk\\\/\"},{\"@type\":\"ListItem\",\"position\":2,\"name\":\"Erhvervsdykning\",\"item\":\"https:\\\/\\\/seaservices.dk\\\/da_dk\\\/erhvervsdykning\\\/\"},{\"@type\":\"ListItem\",\"position\":3,\"name\":\"Dykkerinspektion\"}]},{\"@type\":\"WebSite\",\"@id\":\"https:\\\/\\\/seaservices.dk\\\/da_dk\\\/#website\",\"url\":\"https:\\\/\\\/seaservices.dk\\\/da_dk\\\/\",\"name\":\"Professionelle dykkere\",\"description\":\"Dykkerfirma med mange \u00e5rs erfaring\",\"publisher\":{\"@id\":\"https:\\\/\\\/seaservices.dk\\\/da_dk\\\/#organization\"},\"potentialAction\":[{\"@type\":\"SearchAction\",\"target\":{\"@type\":\"EntryPoint\",\"urlTemplate\":\"https:\\\/\\\/seaservices.dk\\\/da_dk\\\/?s={search_term_string}\"},\"query-input\":{\"@type\":\"PropertyValueSpecification\",\"valueRequired\":true,\"valueName\":\"search_term_string\"}}],\"inLanguage\":\"en-US\"},{\"@type\":\"Organization\",\"@id\":\"https:\\\/\\\/seaservices.dk\\\/da_dk\\\/#organization\",\"name\":\"Sea Services\",\"url\":\"https:\\\/\\\/seaservices.dk\\\/da_dk\\\/\",\"logo\":{\"@type\":\"ImageObject\",\"inLanguage\":\"en-US\",\"@id\":\"https:\\\/\\\/seaservices.dk\\\/da_dk\\\/#\\\/schema\\\/logo\\\/image\\\/\",\"url\":\"https:\\\/\\\/i0.wp.com\\\/seaservices.dk\\\/wp-content\\\/uploads\\\/2017\\\/08\\\/sea_services_diving2.png?fit=700%2C243&ssl=1\",\"contentUrl\":\"https:\\\/\\\/i0.wp.com\\\/seaservices.dk\\\/wp-content\\\/uploads\\\/2017\\\/08\\\/sea_services_diving2.png?fit=700%2C243&ssl=1\",\"width\":\"700\",\"height\":\"243\",\"caption\":\"Sea Services\"},\"image\":{\"@id\":\"https:\\\/\\\/seaservices.dk\\\/da_dk\\\/#\\\/schema\\\/logo\\\/image\\\/\"},\"sameAs\":[\"https:\\\/\\\/www.facebook.com\\\/seaservicesdk\"]}]}<\/script>\n<!-- \/ Yoast SEO plugin. -->","yoast_head_json":{"title":"Dykkerinspektion - Undervands Arbejde - SeaServices","description":"Dykkerinspektion af\u00a0 diverse undervandskonstruktioner udf\u00f8res. Inspektion af bolv\u00e6rk, spunsv\u00e6gge, p\u00e6lekonstruktioner og tanke. Videodokumentation.","robots":{"index":"index","follow":"follow","max-snippet":"max-snippet:-1","max-image-preview":"max-image-preview:large","max-video-preview":"max-video-preview:-1"},"canonical":"https:\/\/seaservices.dk\/en\/erhvervsdykning\/dykkerinspektion\/","og_locale":"en_US","og_type":"article","og_title":"Dykkerinspektion - Undervands Arbejde - SeaServices","og_description":"Dykkerinspektion af\u00a0 diverse undervandskonstruktioner udf\u00f8res. Inspektion af bolv\u00e6rk, spunsv\u00e6gge, p\u00e6lekonstruktioner og tanke. Videodokumentation.","og_url":"https:\/\/seaservices.dk\/en\/erhvervsdykning\/dykkerinspektion\/","og_site_name":"Undervands Arbejde - SeaServices","article_publisher":"https:\/\/www.facebook.com\/seaservicesdk","article_modified_time":"2020-11-26T12:34:31+00:00","og_image":[{"url":"https:\/\/seaservices.dk\/wp-content\/uploads\/2020\/01\/gptempdownload.jpg","type":"","width":"","height":""}],"twitter_card":"summary_large_image","twitter_misc":{"Est. reading time":"1 minute"},"schema":{"@context":"https:\/\/schema.org","@graph":[{"@type":"WebPage","@id":"https:\/\/seaservices.dk\/da_dk\/erhvervsdykning\/dykkerinspektion\/","url":"https:\/\/seaservices.dk\/da_dk\/erhvervsdykning\/dykkerinspektion\/","name":"Dykkerinspektion - Undervands Arbejde - SeaServices","isPartOf":{"@id":"https:\/\/seaservices.dk\/da_dk\/#website"},"primaryImageOfPage":{"@id":"https:\/\/seaservices.dk\/da_dk\/erhvervsdykning\/dykkerinspektion\/#primaryimage"},"image":{"@id":"https:\/\/seaservices.dk\/da_dk\/erhvervsdykning\/dykkerinspektion\/#primaryimage"},"thumbnailUrl":"https:\/\/seaservices.dk\/wp-content\/uploads\/2020\/01\/gptempdownload.jpg","datePublished":"2018-01-18T17:58:44+00:00","dateModified":"2020-11-26T12:34:31+00:00","description":"Dykkerinspektion af\u00a0 diverse undervandskonstruktioner udf\u00f8res. Inspektion af bolv\u00e6rk, spunsv\u00e6gge, p\u00e6lekonstruktioner og tanke. Videodokumentation.","breadcrumb":{"@id":"https:\/\/seaservices.dk\/da_dk\/erhvervsdykning\/dykkerinspektion\/#breadcrumb"},"inLanguage":"en-US","potentialAction":[{"@type":"ReadAction","target":["https:\/\/seaservices.dk\/da_dk\/erhvervsdykning\/dykkerinspektion\/"]}]},{"@type":"ImageObject","inLanguage":"en-US","@id":"https:\/\/seaservices.dk\/da_dk\/erhvervsdykning\/dykkerinspektion\/#primaryimage","url":"https:\/\/seaservices.dk\/wp-content\/uploads\/2020\/01\/gptempdownload.jpg","contentUrl":"https:\/\/seaservices.dk\/wp-content\/uploads\/2020\/01\/gptempdownload.jpg"},{"@type":"BreadcrumbList","@id":"https:\/\/seaservices.dk\/da_dk\/erhvervsdykning\/dykkerinspektion\/#breadcrumb","itemListElement":[{"@type":"ListItem","position":1,"name":"Hjem","item":"https:\/\/seaservices.dk\/"},{"@type":"ListItem","position":2,"name":"Erhvervsdykning","item":"https:\/\/seaservices.dk\/da_dk\/erhvervsdykning\/"},{"@type":"ListItem","position":3,"name":"Dykkerinspektion"}]},{"@type":"WebSite","@id":"https:\/\/seaservices.dk\/da_dk\/#website","url":"https:\/\/seaservices.dk\/da_dk\/","name":"Professionelle dykkere","description":"Dykkerfirma med mange \u00e5rs erfaring","publisher":{"@id":"https:\/\/seaservices.dk\/da_dk\/#organization"},"potentialAction":[{"@type":"SearchAction","target":{"@type":"EntryPoint","urlTemplate":"https:\/\/seaservices.dk\/da_dk\/?s={search_term_string}"},"query-input":{"@type":"PropertyValueSpecification","valueRequired":true,"valueName":"search_term_string"}}],"inLanguage":"en-US"},{"@type":"Organization","@id":"https:\/\/seaservices.dk\/da_dk\/#organization","name":"Sea Services","url":"https:\/\/seaservices.dk\/da_dk\/","logo":{"@type":"ImageObject","inLanguage":"en-US","@id":"https:\/\/seaservices.dk\/da_dk\/#\/schema\/logo\/image\/","url":"https:\/\/i0.wp.com\/seaservices.dk\/wp-content\/uploads\/2017\/08\/sea_services_diving2.png?fit=700%2C243&ssl=1","contentUrl":"https:\/\/i0.wp.com\/seaservices.dk\/wp-content\/uploads\/2017\/08\/sea_services_diving2.png?fit=700%2C243&ssl=1","width":"700","height":"243","caption":"Sea Services"},"image":{"@id":"https:\/\/seaservices.dk\/da_dk\/#\/schema\/logo\/image\/"},"sameAs":["https:\/\/www.facebook.com\/seaservicesdk"]}]}},"jetpack_sharing_enabled":true,"_links":{"self":[{"href":"https:\/\/seaservices.dk\/en\/wp-json\/wp\/v2\/pages\/350","targetHints":{"allow":["GET"]}}],"collection":[{"href":"https:\/\/seaservices.dk\/en\/wp-json\/wp\/v2\/pages"}],"about":[{"href":"https:\/\/seaservices.dk\/en\/wp-json\/wp\/v2\/types\/page"}],"author":[{"embeddable":true,"href":"https:\/\/seaservices.dk\/en\/wp-json\/wp\/v2\/users\/1"}],"replies":[{"embeddable":true,"href":"https:\/\/seaservices.dk\/en\/wp-json\/wp\/v2\/comments?post=350"}],"version-history":[{"count":16,"href":"https:\/\/seaservices.dk\/en\/wp-json\/wp\/v2\/pages\/350\/revisions"}],"predecessor-version":[{"id":1376,"href":"https:\/\/seaservices.dk\/en\/wp-json\/wp\/v2\/pages\/350\/revisions\/1376"}],"up":[{"embeddable":true,"href":"https:\/\/seaservices.dk\/en\/wp-json\/wp\/v2\/pages\/2"}],"wp:attachment":[{"href":"https:\/\/seaservices.dk\/en\/wp-json\/wp\/v2\/media?parent=350"}],"curies":[{"name":"wp","href":"https:\/\/api.w.org\/{rel}","templated":true}]}}